{"id":1326,"date":"2026-01-20T03:17:13","date_gmt":"2026-01-20T03:17:13","guid":{"rendered":"https:\/\/urbantur.com.mx\/?post_type=product&#038;p=1326"},"modified":"2026-01-20T03:18:10","modified_gmt":"2026-01-20T03:18:10","slug":"juego-infantil-basico","status":"publish","type":"product","link":"https:\/\/urbantur.com.mx\/index.php\/producto\/juego-infantil-basico\/","title":{"rendered":"Juego Infantil B\u00e1sico"},"content":{"rendered":"<p><span style=\"font-weight: 400;\">7.51 m x 5.78 m x 3.90 m para ni\u00f1os de 3 a 12 a\u00f1os.<\/span><\/p>\n<p><span style=\"font-weight: 400;\">Juego infantil b\u00e1sico que contiene; 1 resbaladilla recta, 1 pasamanos recto, 2 columpios de banda, 2 columpios para beb\u00e9, 1 sube y baja doble, 1 escaleras curvas. Acabado en pintura electrost\u00e1tica, libre de metales pesados, que garantiza una mayor durabilidad del producto. Componentes de pl\u00e1stico de alta densidad con protecci\u00f3n uv.<\/span><\/p>\n","protected":false},"excerpt":{"rendered":"<p>7.51 m x 5.78 m x 3.90 m para ni\u00f1os de 3 a 12 a\u00f1os. Juego infantil b\u00e1sico que contiene; 1 resbaladilla recta, 1 pasamanos recto, 2 columpios de banda, 2 columpios para beb\u00e9, 1 sube y baja doble, 1 escaleras curvas. Acabado en pintura electrost\u00e1tica, libre de metales pesados, que garantiza una mayor durabilidad del producto. Componentes de pl\u00e1stico de alta densidad con protecci\u00f3n uv.<\/p>\n","protected":false},"featured_media":1327,"comment_status":"open","ping_status":"closed","template":"","meta":[],"product_brand":[],"product_cat":[25],"product_tag":[],"class_list":{"0":"post-1326","1":"product","2":"type-product","3":"status-publish","4":"has-post-thumbnail","6":"product_cat-infantil","8":"first","9":"instock","10":"shipping-taxable","11":"purchasable","12":"product-type-simple"},"jetpack_sharing_enabled":true,"_links":{"self":[{"href":"https:\/\/urbantur.com.mx\/index.php\/wp-json\/wp\/v2\/product\/1326","targetHints":{"allow":["GET"]}}],"collection":[{"href":"https:\/\/urbantur.com.mx\/index.php\/wp-json\/wp\/v2\/product"}],"about":[{"href":"https:\/\/urbantur.com.mx\/index.php\/wp-json\/wp\/v2\/types\/product"}],"replies":[{"embeddable":true,"href":"https:\/\/urbantur.com.mx\/index.php\/wp-json\/wp\/v2\/comments?post=1326"}],"wp:featuredmedia":[{"embeddable":true,"href":"https:\/\/urbantur.com.mx\/index.php\/wp-json\/wp\/v2\/media\/1327"}],"wp:attachment":[{"href":"https:\/\/urbantur.com.mx\/index.php\/wp-json\/wp\/v2\/media?parent=1326"}],"wp:term":[{"taxonomy":"product_brand","embeddable":true,"href":"https:\/\/urbantur.com.mx\/index.php\/wp-json\/wp\/v2\/product_brand?post=1326"},{"taxonomy":"product_cat","embeddable":true,"href":"https:\/\/urbantur.com.mx\/index.php\/wp-json\/wp\/v2\/product_cat?post=1326"},{"taxonomy":"product_tag","embeddable":true,"href":"https:\/\/urbantur.com.mx\/index.php\/wp-json\/wp\/v2\/product_tag?post=1326"}],"curies":[{"name":"wp","href":"https:\/\/api.w.org\/{rel}","templated":true}]}}