{"id":1330,"date":"2026-01-20T03:21:01","date_gmt":"2026-01-20T03:21:01","guid":{"rendered":"https:\/\/urbantur.com.mx\/?post_type=product&#038;p=1330"},"modified":"2026-01-30T02:30:35","modified_gmt":"2026-01-30T02:30:35","slug":"ejercitador-clasico-economico","status":"publish","type":"product","link":"https:\/\/urbantur.com.mx\/index.php\/producto\/ejercitador-clasico-economico\/","title":{"rendered":"Ejercitador Cl\u00e1sico Econ\u00f3mico"},"content":{"rendered":"<p><span style=\"font-weight: 400;\">De 1.79 m x 0.64 m x 1.55 m para mayores de 15 a\u00f1os.<\/span><\/p>\n<p><span style=\"font-weight: 400;\">Ejercitador cl\u00e1sico econ\u00f3mico que contiene; 2 pares de barras paralelas para fondos. Acabado en pintura electrost\u00e1tica, libre de metales pesados, que garantiza una mayor durabilidad del producto. Componentes de pl\u00e1stico de alta densidad con protecci\u00f3n uv.<\/span><\/p>\n","protected":false},"excerpt":{"rendered":"<p>De 1.79 m x 0.64 m x 1.55 m para mayores de 15 a\u00f1os. Ejercitador cl\u00e1sico econ\u00f3mico que contiene; 2 pares de barras paralelas para fondos. Acabado en pintura electrost\u00e1tica, libre de metales pesados, que garantiza una mayor durabilidad del producto. Componentes de pl\u00e1stico de alta densidad con protecci\u00f3n uv.<\/p>\n","protected":false},"featured_media":1331,"comment_status":"open","ping_status":"closed","template":"","meta":[],"product_brand":[],"product_cat":[28],"product_tag":[],"class_list":{"0":"post-1330","1":"product","2":"type-product","3":"status-publish","4":"has-post-thumbnail","6":"product_cat-deportivo","8":"first","9":"instock","10":"shipping-taxable","11":"purchasable","12":"product-type-simple"},"jetpack_sharing_enabled":true,"_links":{"self":[{"href":"https:\/\/urbantur.com.mx\/index.php\/wp-json\/wp\/v2\/product\/1330","targetHints":{"allow":["GET"]}}],"collection":[{"href":"https:\/\/urbantur.com.mx\/index.php\/wp-json\/wp\/v2\/product"}],"about":[{"href":"https:\/\/urbantur.com.mx\/index.php\/wp-json\/wp\/v2\/types\/product"}],"replies":[{"embeddable":true,"href":"https:\/\/urbantur.com.mx\/index.php\/wp-json\/wp\/v2\/comments?post=1330"}],"wp:featuredmedia":[{"embeddable":true,"href":"https:\/\/urbantur.com.mx\/index.php\/wp-json\/wp\/v2\/media\/1331"}],"wp:attachment":[{"href":"https:\/\/urbantur.com.mx\/index.php\/wp-json\/wp\/v2\/media?parent=1330"}],"wp:term":[{"taxonomy":"product_brand","embeddable":true,"href":"https:\/\/urbantur.com.mx\/index.php\/wp-json\/wp\/v2\/product_brand?post=1330"},{"taxonomy":"product_cat","embeddable":true,"href":"https:\/\/urbantur.com.mx\/index.php\/wp-json\/wp\/v2\/product_cat?post=1330"},{"taxonomy":"product_tag","embeddable":true,"href":"https:\/\/urbantur.com.mx\/index.php\/wp-json\/wp\/v2\/product_tag?post=1330"}],"curies":[{"name":"wp","href":"https:\/\/api.w.org\/{rel}","templated":true}]}}