{"id":1356,"date":"2026-01-30T02:16:25","date_gmt":"2026-01-30T02:16:25","guid":{"rendered":"https:\/\/urbantur.com.mx\/?post_type=product&#038;p=1356"},"modified":"2026-01-30T02:31:15","modified_gmt":"2026-01-30T02:31:15","slug":"montable-de-metal","status":"publish","type":"product","link":"https:\/\/urbantur.com.mx\/index.php\/producto\/montable-de-metal\/","title":{"rendered":"Montable de Metal"},"content":{"rendered":"<p><span style=\"font-weight: 400;\">De 0.83 m x 0.38 m x 0.99 m para ni\u00f1os de 2 a 5 a\u00f1os. <\/span><span style=\"font-weight: 400;\">Montable de metal tem\u00e1tico de moto. acabado en pintura electrost\u00e1tica, libre de metales pesados, que garantiza una mayor durabilidad del producto. componentes de pl\u00e1stico de alta densidad con protecci\u00f3n uv.<\/span><\/p>\n","protected":false},"excerpt":{"rendered":"<p>De 0.83 m x 0.38 m x 0.99 m para ni\u00f1os de 2 a 5 a\u00f1os. Montable de metal tem\u00e1tico de moto. acabado en pintura electrost\u00e1tica, libre de metales pesados, que garantiza una mayor durabilidad del producto. componentes de pl\u00e1stico de alta densidad con protecci\u00f3n uv.<\/p>\n","protected":false},"featured_media":1354,"comment_status":"open","ping_status":"closed","template":"","meta":[],"product_brand":[],"product_cat":[25],"product_tag":[],"class_list":{"0":"post-1356","1":"product","2":"type-product","3":"status-publish","4":"has-post-thumbnail","6":"product_cat-infantil","8":"first","9":"instock","10":"shipping-taxable","11":"product-type-simple"},"jetpack_sharing_enabled":true,"_links":{"self":[{"href":"https:\/\/urbantur.com.mx\/index.php\/wp-json\/wp\/v2\/product\/1356","targetHints":{"allow":["GET"]}}],"collection":[{"href":"https:\/\/urbantur.com.mx\/index.php\/wp-json\/wp\/v2\/product"}],"about":[{"href":"https:\/\/urbantur.com.mx\/index.php\/wp-json\/wp\/v2\/types\/product"}],"replies":[{"embeddable":true,"href":"https:\/\/urbantur.com.mx\/index.php\/wp-json\/wp\/v2\/comments?post=1356"}],"wp:featuredmedia":[{"embeddable":true,"href":"https:\/\/urbantur.com.mx\/index.php\/wp-json\/wp\/v2\/media\/1354"}],"wp:attachment":[{"href":"https:\/\/urbantur.com.mx\/index.php\/wp-json\/wp\/v2\/media?parent=1356"}],"wp:term":[{"taxonomy":"product_brand","embeddable":true,"href":"https:\/\/urbantur.com.mx\/index.php\/wp-json\/wp\/v2\/product_brand?post=1356"},{"taxonomy":"product_cat","embeddable":true,"href":"https:\/\/urbantur.com.mx\/index.php\/wp-json\/wp\/v2\/product_cat?post=1356"},{"taxonomy":"product_tag","embeddable":true,"href":"https:\/\/urbantur.com.mx\/index.php\/wp-json\/wp\/v2\/product_tag?post=1356"}],"curies":[{"name":"wp","href":"https:\/\/api.w.org\/{rel}","templated":true}]}}