{"id":1357,"date":"2026-01-30T02:17:38","date_gmt":"2026-01-30T02:17:38","guid":{"rendered":"https:\/\/urbantur.com.mx\/?post_type=product&#038;p=1357"},"modified":"2026-01-30T02:29:22","modified_gmt":"2026-01-30T02:29:22","slug":"trepador-chico","status":"publish","type":"product","link":"https:\/\/urbantur.com.mx\/index.php\/producto\/trepador-chico\/","title":{"rendered":"Trepador Chico"},"content":{"rendered":"<p><span style=\"font-weight: 400;\">De 1.93 m x 0.85 m x 1.50 m para ni\u00f1os de 6 a 12 a\u00f1os. <\/span><span style=\"font-weight: 400;\">Juego infantil trepador chico que contiene: 1 puente colgante de equilibrio. acabado en pintura electrost\u00e1tica, libre de metales pesados, que garantiza una mayor durabilidad del producto. componentes de pl\u00e1stico de alta densidad con protecci\u00f3n uv.<\/span><\/p>\n","protected":false},"excerpt":{"rendered":"<p>De 1.93 m x 0.85 m x 1.50 m para ni\u00f1os de 6 a 12 a\u00f1os. Juego infantil trepador chico que contiene: 1 puente colgante de equilibrio. acabado en pintura electrost\u00e1tica, libre de metales pesados, que garantiza una mayor durabilidad del producto. componentes de pl\u00e1stico de alta densidad con protecci\u00f3n uv.<\/p>\n","protected":false},"featured_media":1355,"comment_status":"open","ping_status":"closed","template":"","meta":[],"product_brand":[],"product_cat":[25],"product_tag":[],"class_list":{"0":"post-1357","1":"product","2":"type-product","3":"status-publish","4":"has-post-thumbnail","6":"product_cat-infantil","8":"first","9":"instock","10":"shipping-taxable","11":"product-type-simple"},"jetpack_sharing_enabled":true,"_links":{"self":[{"href":"https:\/\/urbantur.com.mx\/index.php\/wp-json\/wp\/v2\/product\/1357","targetHints":{"allow":["GET"]}}],"collection":[{"href":"https:\/\/urbantur.com.mx\/index.php\/wp-json\/wp\/v2\/product"}],"about":[{"href":"https:\/\/urbantur.com.mx\/index.php\/wp-json\/wp\/v2\/types\/product"}],"replies":[{"embeddable":true,"href":"https:\/\/urbantur.com.mx\/index.php\/wp-json\/wp\/v2\/comments?post=1357"}],"wp:featuredmedia":[{"embeddable":true,"href":"https:\/\/urbantur.com.mx\/index.php\/wp-json\/wp\/v2\/media\/1355"}],"wp:attachment":[{"href":"https:\/\/urbantur.com.mx\/index.php\/wp-json\/wp\/v2\/media?parent=1357"}],"wp:term":[{"taxonomy":"product_brand","embeddable":true,"href":"https:\/\/urbantur.com.mx\/index.php\/wp-json\/wp\/v2\/product_brand?post=1357"},{"taxonomy":"product_cat","embeddable":true,"href":"https:\/\/urbantur.com.mx\/index.php\/wp-json\/wp\/v2\/product_cat?post=1357"},{"taxonomy":"product_tag","embeddable":true,"href":"https:\/\/urbantur.com.mx\/index.php\/wp-json\/wp\/v2\/product_tag?post=1357"}],"curies":[{"name":"wp","href":"https:\/\/api.w.org\/{rel}","templated":true}]}}