{"id":1368,"date":"2026-02-13T01:33:40","date_gmt":"2026-02-13T01:33:40","guid":{"rendered":"https:\/\/urbantur.com.mx\/?post_type=product&#038;p=1368"},"modified":"2026-02-13T01:34:03","modified_gmt":"2026-02-13T01:34:03","slug":"juego-modular-deportivo","status":"publish","type":"product","link":"https:\/\/urbantur.com.mx\/index.php\/producto\/juego-modular-deportivo\/","title":{"rendered":"Juego Modular Deportivo"},"content":{"rendered":"<p>De 560 cm Largo x 430 cm Ancho x 360 cm Alto. \u00c1rea de Seguridad: 760\u00a0cm Largo x 630 cm Ancho.<\/p>\n<p>Conformado por 4 secciones diferentes las cuales complementan este incre\u00edble juego de plaza. Este juego est\u00e1 conformado por postes de acero galvanizado y sus partes pl\u00e1sticas son roto moldeadas (HDPE).<\/p>\n","protected":false},"excerpt":{"rendered":"<p>De 560 cm Largo x 430 cm Ancho x 360 cm Alto. \u00c1rea de Seguridad: 760\u00a0cm Largo x 630 cm Ancho. Conformado por 4 secciones diferentes las cuales complementan este incre\u00edble juego de plaza. Este juego est\u00e1 conformado por postes de acero galvanizado y sus partes pl\u00e1sticas son roto moldeadas (HDPE).<\/p>\n","protected":false},"featured_media":1325,"comment_status":"open","ping_status":"closed","template":"","meta":[],"product_brand":[],"product_cat":[28,25],"product_tag":[],"class_list":{"0":"post-1368","1":"product","2":"type-product","3":"status-publish","4":"has-post-thumbnail","6":"product_cat-deportivo","7":"product_cat-infantil","9":"first","10":"instock","11":"shipping-taxable","12":"product-type-simple"},"jetpack_sharing_enabled":true,"_links":{"self":[{"href":"https:\/\/urbantur.com.mx\/index.php\/wp-json\/wp\/v2\/product\/1368","targetHints":{"allow":["GET"]}}],"collection":[{"href":"https:\/\/urbantur.com.mx\/index.php\/wp-json\/wp\/v2\/product"}],"about":[{"href":"https:\/\/urbantur.com.mx\/index.php\/wp-json\/wp\/v2\/types\/product"}],"replies":[{"embeddable":true,"href":"https:\/\/urbantur.com.mx\/index.php\/wp-json\/wp\/v2\/comments?post=1368"}],"wp:featuredmedia":[{"embeddable":true,"href":"https:\/\/urbantur.com.mx\/index.php\/wp-json\/wp\/v2\/media\/1325"}],"wp:attachment":[{"href":"https:\/\/urbantur.com.mx\/index.php\/wp-json\/wp\/v2\/media?parent=1368"}],"wp:term":[{"taxonomy":"product_brand","embeddable":true,"href":"https:\/\/urbantur.com.mx\/index.php\/wp-json\/wp\/v2\/product_brand?post=1368"},{"taxonomy":"product_cat","embeddable":true,"href":"https:\/\/urbantur.com.mx\/index.php\/wp-json\/wp\/v2\/product_cat?post=1368"},{"taxonomy":"product_tag","embeddable":true,"href":"https:\/\/urbantur.com.mx\/index.php\/wp-json\/wp\/v2\/product_tag?post=1368"}],"curies":[{"name":"wp","href":"https:\/\/api.w.org\/{rel}","templated":true}]}}