{"id":1371,"date":"2026-02-13T01:44:31","date_gmt":"2026-02-13T01:44:31","guid":{"rendered":"https:\/\/urbantur.com.mx\/?post_type=product&#038;p=1371"},"modified":"2026-02-13T03:30:40","modified_gmt":"2026-02-13T03:30:40","slug":"1371","status":"publish","type":"product","link":"https:\/\/urbantur.com.mx\/index.php\/producto\/1371\/","title":{"rendered":"Basurero Met\u00e1lico"},"content":{"rendered":"<div class=\"elementor-element elementor-element-251fb7e custom-skills mb-0 elementor-widget__width-auto elementor-widget-mobile__width-initial elementor-widget elementor-widget-heading\" data-id=\"251fb7e\" data-element_type=\"widget\" data-widget_type=\"heading.default\">\n<div class=\"elementor-widget-container\">\n<div class=\"elementor-heading-title elementor-size-default\">Dimensiones: 0.62 m x 0.40 m x 1.13 m<\/div>\n<\/div>\n<\/div>\n<p>Bote de basura de metal con corte l\u00e1ser, con capacidad para 65 lt. Acabado en pintura electrost\u00e1tica, libre de metales pesados, que garantiza una mayor durabilidad del producto. Componentes de pl\u00e1stico de alta densidad con protecci\u00f3n UV.<\/p>\n","protected":false},"excerpt":{"rendered":"<p>Dimensiones: 0.62 m x 0.40 m x 1.13 m Bote de basura de metal con corte l\u00e1ser, con capacidad para 65 lt. Acabado en pintura electrost\u00e1tica, libre de metales pesados, que garantiza una mayor durabilidad del producto. Componentes de pl\u00e1stico de alta densidad con protecci\u00f3n UV.<\/p>\n","protected":false},"featured_media":1373,"comment_status":"open","ping_status":"closed","template":"","meta":[],"product_brand":[],"product_cat":[27],"product_tag":[],"class_list":{"0":"post-1371","1":"product","2":"type-product","3":"status-publish","4":"has-post-thumbnail","6":"product_cat-urbano","8":"first","9":"instock","10":"shipping-taxable","11":"product-type-simple"},"jetpack_sharing_enabled":true,"_links":{"self":[{"href":"https:\/\/urbantur.com.mx\/index.php\/wp-json\/wp\/v2\/product\/1371","targetHints":{"allow":["GET"]}}],"collection":[{"href":"https:\/\/urbantur.com.mx\/index.php\/wp-json\/wp\/v2\/product"}],"about":[{"href":"https:\/\/urbantur.com.mx\/index.php\/wp-json\/wp\/v2\/types\/product"}],"replies":[{"embeddable":true,"href":"https:\/\/urbantur.com.mx\/index.php\/wp-json\/wp\/v2\/comments?post=1371"}],"wp:featuredmedia":[{"embeddable":true,"href":"https:\/\/urbantur.com.mx\/index.php\/wp-json\/wp\/v2\/media\/1373"}],"wp:attachment":[{"href":"https:\/\/urbantur.com.mx\/index.php\/wp-json\/wp\/v2\/media?parent=1371"}],"wp:term":[{"taxonomy":"product_brand","embeddable":true,"href":"https:\/\/urbantur.com.mx\/index.php\/wp-json\/wp\/v2\/product_brand?post=1371"},{"taxonomy":"product_cat","embeddable":true,"href":"https:\/\/urbantur.com.mx\/index.php\/wp-json\/wp\/v2\/product_cat?post=1371"},{"taxonomy":"product_tag","embeddable":true,"href":"https:\/\/urbantur.com.mx\/index.php\/wp-json\/wp\/v2\/product_tag?post=1371"}],"curies":[{"name":"wp","href":"https:\/\/api.w.org\/{rel}","templated":true}]}}